{"id":278,"date":"2021-09-16T07:49:27","date_gmt":"2021-09-16T07:49:27","guid":{"rendered":"https:\/\/gtbom.com\/?page_id=278"},"modified":"2022-03-01T12:22:28","modified_gmt":"2022-03-01T12:22:28","slug":"apex","status":"publish","type":"page","link":"https:\/\/gtbom.com\/index.php\/our-activities\/building-automation\/apex\/","title":{"rendered":"Apex"},"content":{"rendered":"\n<div class=\"wp-block-image\"><figure class=\"aligncenter size-large is-resized\"><a href=\"https:\/\/smartapex.es\/\" target=\"_blank\" rel=\"noopener\"><img loading=\"lazy\" decoding=\"async\" src=\"https:\/\/gtbom.com\/wp-content\/uploads\/2021\/09\/APEXLogo1-1024x382.png\" alt=\"\" class=\"wp-image-281\" width=\"673\" height=\"251\" srcset=\"https:\/\/gtbom.com\/wp-content\/uploads\/2021\/09\/APEXLogo1-1024x382.png 1024w, https:\/\/gtbom.com\/wp-content\/uploads\/2021\/09\/APEXLogo1-300x112.png 300w, https:\/\/gtbom.com\/wp-content\/uploads\/2021\/09\/APEXLogo1-768x286.png 768w, https:\/\/gtbom.com\/wp-content\/uploads\/2021\/09\/APEXLogo1-1536x572.png 1536w, https:\/\/gtbom.com\/wp-content\/uploads\/2021\/09\/APEXLogo1-1222x455.png 1222w, https:\/\/gtbom.com\/wp-content\/uploads\/2021\/09\/APEXLogo1-897x334.png 897w, https:\/\/gtbom.com\/wp-content\/uploads\/2021\/09\/APEXLogo1-684x255.png 684w, https:\/\/gtbom.com\/wp-content\/uploads\/2021\/09\/APEXLogo1.png 1900w\" sizes=\"auto, (max-width: 673px) 100vw, 673px\" \/><\/a><\/figure><\/div>\n\n\n\n<h2 class=\"wp-block-heading\"><mark style=\"background-color:rgba(0, 0, 0, 0)\" class=\"has-inline-color has-vivid-red-color\">About Us<\/mark><\/h2>\n\n\n\n<p>Founded in 2013, smart APEX Company is a developer and manufacturer of home automation components with extensive experience. At smart APEX Company, we always strive for innovation and quality. Under the APEX brand name, smart APEX Company offers a variety of smart system products, including DIN Rail Mountable, Multi-Channel Switch, Dimmers, Smart Blind, and HVAC Control Modules equipped with Bus, Ethernet, Wi-Fi, and ZigBee connections. Open communication protocol and available software drivers enable APEX components to be integrated with the best-known US smart home system manufacturer &#8211; Control4.<\/p>\n\n\n\n<p><strong>APEX company is a worldwide leader in Building Automation &amp; Smart Home Products.<\/strong><\/p>\n\n\n\n<p>Our products are fully compatible with \u201c<strong>Z-WAVE &amp; CONTROL4 DEVICES<\/strong>\u201d. And as a brief introduction, our products support more options, different in design, material &amp; number of loads in comparison with similar products in the market.<\/p>\n\n\n\n<p>Our main office is located in Spain as below information to provide services to European, US &amp; North America Countries.<\/p>\n\n\n\n<p>Calle N\u00fa\u00f1ez Morgado, 4, Bajo Izq., Puerta 93, 28036 Madrid Espa\u00f1a<\/p>\n\n\n\n<p>Tel: +34 9 1060 1539<\/p>\n\n\n\n<p>E:Mail: <a href=\"mailto:info@smartapex.es\">info@smartapex.es<\/a><\/p>\n\n\n\n<p>WWW: <a href=\"https:\/\/smartapex.es\/\">https:\/\/smartapex.es\/<\/a><\/p>\n\n\n\n<p>We have another office which is located in Sultanate of Oman as, Global Trends of Business (GTB) LLC as the following information as our official agent to serve the Middle East, North Africa &amp; Caspian Sea Countries.<\/p>\n\n\n\n<h2 class=\"wp-block-heading\">MENA Office:<\/h2>\n\n\n\n<p>Office No. 34, Focus Business Center the Minerat Al Qurum Building, Al Qurum, Muscat, Oman<\/p>\n\n\n\n<p>WhatsApp: +968 7996 8288<\/p>\n\n\n\n<p>Mobile: +968 7996 8288<\/p>\n\n\n\n<p>Land Line: +968 2469 3637<\/p>\n\n\n\n<p>E-Mail: <a href=\"mailto:info@smartapex.es\">GTB@smartapex.es<\/a><\/p>\n\n\n\n<p>WWW: <a href=\"http:\/\/www.gtbom.com\/\">www.gtbom.com<\/a><\/p>\n\n\n\n<p><\/p>\n\n\n\n<h2 class=\"wp-block-heading\">&nbsp;<span class=\"has-inline-color has-vivid-red-color\">Our products in a glance but not limited to:<\/span><\/h2>\n\n\n\n<ul class=\"wp-block-list\"><li><strong>8CH DIN-RAIL RELAY MODULE <\/strong>(Available in, Ethernet, CAN-BUS, CAN-BUS Ethernet &amp; Z-Wave Plus Protocols)<\/li><li><strong>16CH DIN-RAIL RELAY MODULE <\/strong>(Available in, Ethernet, CAN-BUS, CAN-BUS Ethernet Plus Protocols)<\/li><li><strong>24CH DIN-RAIL RELAY MODULE <\/strong>(Available in, Ethernet, CAN-BUS, CAN-BUS Ethernet Plus Protocols)<\/li><li><strong>MINI IP GATEWAY <\/strong>(Available in, CAN-BUS Ethernet Protocol)<\/li><li><strong>THERMOSTATIC KEYPAD <\/strong>(Available in, CAN-BUS, &amp; Z-Wave Plus Protocols)<\/li><li><strong>NORMAL LIGHT SWITCH <\/strong>(Available in, CAN-BUS &amp; Z-Wave Plus Protocols)<\/li><li><strong>MODERN THERMOSTATIC KEYPAD <\/strong>(Available in, CAN-BUS &amp; Z-Wave Plus Protocols)<\/li><li><strong>MODERN NORMAL LIGHT SWITCH <\/strong>(Available in, CAN-BUS &amp; Z-Wave Plus Protocols)<\/li><li><strong>And &#8230;<\/strong><\/li><\/ul>\n\n\n\n<figure class=\"wp-block-gallery has-nested-images columns-default is-cropped wp-block-gallery-1 is-layout-flex wp-block-gallery-is-layout-flex\">\n<figure class=\"wp-block-image size-large\"><img loading=\"lazy\" decoding=\"async\" width=\"247\" height=\"252\" data-id=\"290\" src=\"https:\/\/gtbom.com\/wp-content\/uploads\/2021\/09\/8CH-DIN-RAIL-RELAY-MODULE-CAN-BUS-Ethernet.png\" alt=\"\" class=\"wp-image-290\"\/><\/figure>\n\n\n\n<figure class=\"wp-block-image size-large\"><img loading=\"lazy\" decoding=\"async\" width=\"1000\" height=\"1000\" data-id=\"305\" src=\"https:\/\/gtbom.com\/wp-content\/uploads\/2021\/09\/DIG-in.jpg\" alt=\"\" class=\"wp-image-305\" srcset=\"https:\/\/gtbom.com\/wp-content\/uploads\/2021\/09\/DIG-in.jpg 1000w, https:\/\/gtbom.com\/wp-content\/uploads\/2021\/09\/DIG-in-300x300.jpg 300w, https:\/\/gtbom.com\/wp-content\/uploads\/2021\/09\/DIG-in-150x150.jpg 150w, https:\/\/gtbom.com\/wp-content\/uploads\/2021\/09\/DIG-in-768x768.jpg 768w, https:\/\/gtbom.com\/wp-content\/uploads\/2021\/09\/DIG-in-897x897.jpg 897w, https:\/\/gtbom.com\/wp-content\/uploads\/2021\/09\/DIG-in-684x684.jpg 684w\" sizes=\"auto, (max-width: 1000px) 100vw, 1000px\" \/><\/figure>\n\n\n\n<figure class=\"wp-block-image size-large\"><img loading=\"lazy\" decoding=\"async\" width=\"252\" height=\"254\" data-id=\"292\" src=\"https:\/\/gtbom.com\/wp-content\/uploads\/2021\/09\/16CH-DIN-RAIL-RELAY-MODULE-CAN-BUS-Ethernet.png\" alt=\"\" class=\"wp-image-292\" srcset=\"https:\/\/gtbom.com\/wp-content\/uploads\/2021\/09\/16CH-DIN-RAIL-RELAY-MODULE-CAN-BUS-Ethernet.png 252w, https:\/\/gtbom.com\/wp-content\/uploads\/2021\/09\/16CH-DIN-RAIL-RELAY-MODULE-CAN-BUS-Ethernet-150x150.png 150w\" sizes=\"auto, (max-width: 252px) 100vw, 252px\" \/><\/figure>\n\n\n\n<figure class=\"wp-block-image size-large\"><img loading=\"lazy\" decoding=\"async\" width=\"242\" height=\"247\" data-id=\"293\" src=\"https:\/\/gtbom.com\/wp-content\/uploads\/2021\/09\/24CH-DIN-RAIL-RELAY-MODULE-CAN-BUS-Ethernet.png\" alt=\"\" class=\"wp-image-293\"\/><\/figure>\n\n\n\n<figure class=\"wp-block-image size-large\"><img loading=\"lazy\" decoding=\"async\" width=\"235\" height=\"254\" data-id=\"294\" src=\"https:\/\/gtbom.com\/wp-content\/uploads\/2021\/09\/MINI-IP-GATEWAY-CAN-BUS-Ethernet.png\" alt=\"\" class=\"wp-image-294\"\/><\/figure>\n\n\n\n<figure class=\"wp-block-image size-large\"><img loading=\"lazy\" decoding=\"async\" width=\"235\" height=\"254\" data-id=\"294\" src=\"https:\/\/gtbom.com\/wp-content\/uploads\/2021\/09\/MINI-IP-GATEWAY-CAN-BUS-Ethernet.png\" alt=\"\" class=\"wp-image-294\"\/><\/figure>\n\n\n\n<figure class=\"wp-block-image size-large\"><img loading=\"lazy\" decoding=\"async\" width=\"393\" height=\"379\" data-id=\"296\" src=\"https:\/\/gtbom.com\/wp-content\/uploads\/2021\/09\/Modern-Thermostatic-keypad-Z-Wave-Plus.jpg\" alt=\"\" class=\"wp-image-296\" srcset=\"https:\/\/gtbom.com\/wp-content\/uploads\/2021\/09\/Modern-Thermostatic-keypad-Z-Wave-Plus.jpg 393w, https:\/\/gtbom.com\/wp-content\/uploads\/2021\/09\/Modern-Thermostatic-keypad-Z-Wave-Plus-300x289.jpg 300w\" sizes=\"auto, (max-width: 393px) 100vw, 393px\" \/><\/figure>\n\n\n\n<figure class=\"wp-block-image size-large\"><img loading=\"lazy\" decoding=\"async\" width=\"235\" height=\"232\" data-id=\"297\" src=\"https:\/\/gtbom.com\/wp-content\/uploads\/2021\/09\/Normal-light-switch-Z-Wave-Plus.png\" alt=\"\" class=\"wp-image-297\"\/><\/figure>\n\n\n\n<figure class=\"wp-block-image size-large\"><img loading=\"lazy\" decoding=\"async\" width=\"381\" height=\"385\" data-id=\"298\" src=\"https:\/\/gtbom.com\/wp-content\/uploads\/2021\/09\/Thermostatic-keypad-CAN-BUS.png\" alt=\"\" class=\"wp-image-298\" srcset=\"https:\/\/gtbom.com\/wp-content\/uploads\/2021\/09\/Thermostatic-keypad-CAN-BUS.png 381w, https:\/\/gtbom.com\/wp-content\/uploads\/2021\/09\/Thermostatic-keypad-CAN-BUS-297x300.png 297w\" sizes=\"auto, (max-width: 381px) 100vw, 381px\" \/><\/figure>\n\n\n\n<figure class=\"wp-block-image size-large\"><img loading=\"lazy\" decoding=\"async\" width=\"1024\" height=\"683\" data-id=\"540\" src=\"https:\/\/gtbom.com\/wp-content\/uploads\/2022\/03\/Keys-1-1024x683.jpg\" alt=\"\" class=\"wp-image-540\" srcset=\"https:\/\/gtbom.com\/wp-content\/uploads\/2022\/03\/Keys-1-1024x683.jpg 1024w, https:\/\/gtbom.com\/wp-content\/uploads\/2022\/03\/Keys-1-300x200.jpg 300w, https:\/\/gtbom.com\/wp-content\/uploads\/2022\/03\/Keys-1-768x512.jpg 768w, https:\/\/gtbom.com\/wp-content\/uploads\/2022\/03\/Keys-1-1536x1024.jpg 1536w, https:\/\/gtbom.com\/wp-content\/uploads\/2022\/03\/Keys-1-2048x1365.jpg 2048w, https:\/\/gtbom.com\/wp-content\/uploads\/2022\/03\/Keys-1-1222x815.jpg 1222w, https:\/\/gtbom.com\/wp-content\/uploads\/2022\/03\/Keys-1-897x598.jpg 897w, https:\/\/gtbom.com\/wp-content\/uploads\/2022\/03\/Keys-1-684x456.jpg 684w\" sizes=\"auto, (max-width: 1024px) 100vw, 1024px\" \/><\/figure>\n\n\n\n<figure class=\"wp-block-image size-large\"><img loading=\"lazy\" decoding=\"async\" width=\"1024\" height=\"656\" data-id=\"541\" src=\"https:\/\/gtbom.com\/wp-content\/uploads\/2022\/03\/Keys-2-1024x656.jpg\" alt=\"\" class=\"wp-image-541\" srcset=\"https:\/\/gtbom.com\/wp-content\/uploads\/2022\/03\/Keys-2-1024x656.jpg 1024w, https:\/\/gtbom.com\/wp-content\/uploads\/2022\/03\/Keys-2-300x192.jpg 300w, https:\/\/gtbom.com\/wp-content\/uploads\/2022\/03\/Keys-2-768x492.jpg 768w, https:\/\/gtbom.com\/wp-content\/uploads\/2022\/03\/Keys-2-1536x984.jpg 1536w, https:\/\/gtbom.com\/wp-content\/uploads\/2022\/03\/Keys-2-2048x1311.jpg 2048w, https:\/\/gtbom.com\/wp-content\/uploads\/2022\/03\/Keys-2-1222x783.jpg 1222w, https:\/\/gtbom.com\/wp-content\/uploads\/2022\/03\/Keys-2-897x574.jpg 897w, https:\/\/gtbom.com\/wp-content\/uploads\/2022\/03\/Keys-2-684x438.jpg 684w\" sizes=\"auto, (max-width: 1024px) 100vw, 1024px\" \/><\/figure>\n\n\n\n<figure class=\"wp-block-image size-large\"><img loading=\"lazy\" decoding=\"async\" width=\"1024\" height=\"683\" data-id=\"542\" src=\"https:\/\/gtbom.com\/wp-content\/uploads\/2022\/03\/Keys-3-1024x683.jpg\" alt=\"\" class=\"wp-image-542\" srcset=\"https:\/\/gtbom.com\/wp-content\/uploads\/2022\/03\/Keys-3-1024x683.jpg 1024w, https:\/\/gtbom.com\/wp-content\/uploads\/2022\/03\/Keys-3-300x200.jpg 300w, https:\/\/gtbom.com\/wp-content\/uploads\/2022\/03\/Keys-3-768x512.jpg 768w, https:\/\/gtbom.com\/wp-content\/uploads\/2022\/03\/Keys-3-1536x1024.jpg 1536w, https:\/\/gtbom.com\/wp-content\/uploads\/2022\/03\/Keys-3-2048x1365.jpg 2048w, https:\/\/gtbom.com\/wp-content\/uploads\/2022\/03\/Keys-3-1222x815.jpg 1222w, https:\/\/gtbom.com\/wp-content\/uploads\/2022\/03\/Keys-3-897x598.jpg 897w, https:\/\/gtbom.com\/wp-content\/uploads\/2022\/03\/Keys-3-684x456.jpg 684w\" sizes=\"auto, (max-width: 1024px) 100vw, 1024px\" \/><\/figure>\n\n\n\n<figure class=\"wp-block-image size-large\"><img loading=\"lazy\" decoding=\"async\" width=\"1024\" height=\"1018\" data-id=\"515\" src=\"https:\/\/gtbom.com\/wp-content\/uploads\/2021\/12\/DSC097000-1-1024x1018.png\" alt=\"\" class=\"wp-image-515\" srcset=\"https:\/\/gtbom.com\/wp-content\/uploads\/2021\/12\/DSC097000-1-1024x1018.png 1024w, https:\/\/gtbom.com\/wp-content\/uploads\/2021\/12\/DSC097000-1-300x298.png 300w, https:\/\/gtbom.com\/wp-content\/uploads\/2021\/12\/DSC097000-1-150x150.png 150w, https:\/\/gtbom.com\/wp-content\/uploads\/2021\/12\/DSC097000-1-768x763.png 768w, https:\/\/gtbom.com\/wp-content\/uploads\/2021\/12\/DSC097000-1-1222x1214.png 1222w, https:\/\/gtbom.com\/wp-content\/uploads\/2021\/12\/DSC097000-1-897x891.png 897w, https:\/\/gtbom.com\/wp-content\/uploads\/2021\/12\/DSC097000-1-684x680.png 684w, https:\/\/gtbom.com\/wp-content\/uploads\/2021\/12\/DSC097000-1.png 1265w\" sizes=\"auto, (max-width: 1024px) 100vw, 1024px\" \/><\/figure>\n\n\n\n<figure class=\"wp-block-image size-large\"><img loading=\"lazy\" decoding=\"async\" width=\"1011\" height=\"1024\" data-id=\"516\" src=\"https:\/\/gtbom.com\/wp-content\/uploads\/2021\/12\/DSC097240-1-1011x1024.png\" alt=\"\" class=\"wp-image-516\" srcset=\"https:\/\/gtbom.com\/wp-content\/uploads\/2021\/12\/DSC097240-1-1011x1024.png 1011w, https:\/\/gtbom.com\/wp-content\/uploads\/2021\/12\/DSC097240-1-296x300.png 296w, https:\/\/gtbom.com\/wp-content\/uploads\/2021\/12\/DSC097240-1-768x778.png 768w, https:\/\/gtbom.com\/wp-content\/uploads\/2021\/12\/DSC097240-1-1222x1238.png 1222w, https:\/\/gtbom.com\/wp-content\/uploads\/2021\/12\/DSC097240-1-897x909.png 897w, https:\/\/gtbom.com\/wp-content\/uploads\/2021\/12\/DSC097240-1-684x693.png 684w, https:\/\/gtbom.com\/wp-content\/uploads\/2021\/12\/DSC097240-1.png 1241w\" sizes=\"auto, (max-width: 1011px) 100vw, 1011px\" \/><\/figure>\n\n\n\n<figure class=\"wp-block-image size-large\"><img loading=\"lazy\" decoding=\"async\" width=\"1024\" height=\"1024\" data-id=\"517\" src=\"https:\/\/gtbom.com\/wp-content\/uploads\/2021\/12\/DSC097060-1-1024x1024.png\" alt=\"\" class=\"wp-image-517\" srcset=\"https:\/\/gtbom.com\/wp-content\/uploads\/2021\/12\/DSC097060-1-1024x1024.png 1024w, https:\/\/gtbom.com\/wp-content\/uploads\/2021\/12\/DSC097060-1-300x300.png 300w, https:\/\/gtbom.com\/wp-content\/uploads\/2021\/12\/DSC097060-1-150x150.png 150w, https:\/\/gtbom.com\/wp-content\/uploads\/2021\/12\/DSC097060-1-768x768.png 768w, https:\/\/gtbom.com\/wp-content\/uploads\/2021\/12\/DSC097060-1-1222x1222.png 1222w, https:\/\/gtbom.com\/wp-content\/uploads\/2021\/12\/DSC097060-1-897x897.png 897w, https:\/\/gtbom.com\/wp-content\/uploads\/2021\/12\/DSC097060-1-684x684.png 684w, https:\/\/gtbom.com\/wp-content\/uploads\/2021\/12\/DSC097060-1.png 1253w\" sizes=\"auto, (max-width: 1024px) 100vw, 1024px\" \/><\/figure>\n<\/figure>\n\n\n\n<figure class=\"wp-block-gallery has-nested-images columns-default is-cropped wp-block-gallery-2 is-layout-flex wp-block-gallery-is-layout-flex\">\n<figure class=\"wp-block-image size-large\"><img loading=\"lazy\" decoding=\"async\" width=\"1024\" height=\"683\" data-id=\"548\" src=\"https:\/\/gtbom.com\/wp-content\/uploads\/2022\/03\/Modules-1-1-1024x683.jpeg\" alt=\"\" class=\"wp-image-548\" srcset=\"https:\/\/gtbom.com\/wp-content\/uploads\/2022\/03\/Modules-1-1-1024x683.jpeg 1024w, https:\/\/gtbom.com\/wp-content\/uploads\/2022\/03\/Modules-1-1-300x200.jpeg 300w, https:\/\/gtbom.com\/wp-content\/uploads\/2022\/03\/Modules-1-1-768x512.jpeg 768w, https:\/\/gtbom.com\/wp-content\/uploads\/2022\/03\/Modules-1-1-897x598.jpeg 897w, https:\/\/gtbom.com\/wp-content\/uploads\/2022\/03\/Modules-1-1-684x456.jpeg 684w, https:\/\/gtbom.com\/wp-content\/uploads\/2022\/03\/Modules-1-1.jpeg 1080w\" sizes=\"auto, (max-width: 1024px) 100vw, 1024px\" \/><\/figure>\n\n\n\n<figure class=\"wp-block-image size-large\"><img loading=\"lazy\" decoding=\"async\" width=\"1024\" height=\"683\" data-id=\"549\" src=\"https:\/\/gtbom.com\/wp-content\/uploads\/2022\/03\/Modules-8-1-1024x683.jpeg\" alt=\"\" class=\"wp-image-549\" srcset=\"https:\/\/gtbom.com\/wp-content\/uploads\/2022\/03\/Modules-8-1-1024x683.jpeg 1024w, https:\/\/gtbom.com\/wp-content\/uploads\/2022\/03\/Modules-8-1-300x200.jpeg 300w, https:\/\/gtbom.com\/wp-content\/uploads\/2022\/03\/Modules-8-1-768x512.jpeg 768w, https:\/\/gtbom.com\/wp-content\/uploads\/2022\/03\/Modules-8-1-897x598.jpeg 897w, https:\/\/gtbom.com\/wp-content\/uploads\/2022\/03\/Modules-8-1-684x456.jpeg 684w, https:\/\/gtbom.com\/wp-content\/uploads\/2022\/03\/Modules-8-1.jpeg 1080w\" sizes=\"auto, (max-width: 1024px) 100vw, 1024px\" \/><\/figure>\n\n\n\n<figure class=\"wp-block-image size-large\"><img loading=\"lazy\" decoding=\"async\" width=\"1024\" height=\"683\" data-id=\"550\" src=\"https:\/\/gtbom.com\/wp-content\/uploads\/2022\/03\/Modules-10-1-1024x683.jpeg\" alt=\"\" class=\"wp-image-550\" srcset=\"https:\/\/gtbom.com\/wp-content\/uploads\/2022\/03\/Modules-10-1-1024x683.jpeg 1024w, https:\/\/gtbom.com\/wp-content\/uploads\/2022\/03\/Modules-10-1-300x200.jpeg 300w, https:\/\/gtbom.com\/wp-content\/uploads\/2022\/03\/Modules-10-1-768x512.jpeg 768w, https:\/\/gtbom.com\/wp-content\/uploads\/2022\/03\/Modules-10-1-897x598.jpeg 897w, https:\/\/gtbom.com\/wp-content\/uploads\/2022\/03\/Modules-10-1-684x456.jpeg 684w, https:\/\/gtbom.com\/wp-content\/uploads\/2022\/03\/Modules-10-1.jpeg 1080w\" sizes=\"auto, (max-width: 1024px) 100vw, 1024px\" \/><\/figure>\n<\/figure>\n\n\n\n<h2 class=\"wp-block-heading\"><mark style=\"background-color:rgba(0, 0, 0, 0)\" class=\"has-inline-color has-vivid-red-color\">For More Information, Please Fill Below Form:<\/mark><\/h2>\n\n\n<div class=\"wpforms-container wpforms-container-full\" id=\"wpforms-301\"><form id=\"wpforms-form-301\" class=\"wpforms-validate wpforms-form wpforms-ajax-form\" data-formid=\"301\" method=\"post\" enctype=\"multipart\/form-data\" action=\"\/index.php\/wp-json\/wp\/v2\/pages\/278\" data-token=\"0935a0ad89d0026a01bda4cf80d84133\"><noscript class=\"wpforms-error-noscript\">Please enable JavaScript in your browser to complete this form.<\/noscript><div class=\"wpforms-field-container\"><div id=\"wpforms-301-field_1-container\" class=\"wpforms-field wpforms-field-name\" data-field-id=\"1\"><label class=\"wpforms-field-label\" for=\"wpforms-301-field_1\">Name <span class=\"wpforms-required-label\">*<\/span><\/label><div class=\"wpforms-field-row wpforms-field-medium\"><div class=\"wpforms-field-row-block wpforms-first wpforms-one-half\"><input type=\"text\" id=\"wpforms-301-field_1\" class=\"wpforms-field-name-first wpforms-field-required\" name=\"wpforms[fields][1][first]\" required><label for=\"wpforms-301-field_1\" class=\"wpforms-field-sublabel after \">First<\/label><\/div><div class=\"wpforms-field-row-block wpforms-one-half\"><input type=\"text\" id=\"wpforms-301-field_1-last\" class=\"wpforms-field-name-last wpforms-field-required\" name=\"wpforms[fields][1][last]\" required><label for=\"wpforms-301-field_1-last\" class=\"wpforms-field-sublabel after \">Last<\/label><\/div><\/div><\/div><div id=\"wpforms-301-field_2-container\" class=\"wpforms-field wpforms-field-email\" data-field-id=\"2\"><label class=\"wpforms-field-label\" for=\"wpforms-301-field_2\">Email <span class=\"wpforms-required-label\">*<\/span><\/label><input type=\"email\" id=\"wpforms-301-field_2\" class=\"wpforms-field-medium wpforms-field-required\" name=\"wpforms[fields][2]\" required><\/div><div id=\"wpforms-301-field_3-container\" class=\"wpforms-field wpforms-field-text\" data-field-id=\"3\"><label class=\"wpforms-field-label\" for=\"wpforms-301-field_3\">Company Name <span class=\"wpforms-required-label\">*<\/span><\/label><input type=\"text\" id=\"wpforms-301-field_3\" class=\"wpforms-field-medium wpforms-field-required\" name=\"wpforms[fields][3]\" required><\/div><div id=\"wpforms-301-field_5-container\" class=\"wpforms-field wpforms-field-text\" data-field-id=\"5\"><label class=\"wpforms-field-label\" for=\"wpforms-301-field_5\">Telephone <span class=\"wpforms-required-label\">*<\/span><\/label><input type=\"text\" id=\"wpforms-301-field_5\" class=\"wpforms-field-medium wpforms-field-required\" name=\"wpforms[fields][5]\" required><\/div><div id=\"wpforms-301-field_4-container\" class=\"wpforms-field wpforms-field-textarea\" data-field-id=\"4\"><label class=\"wpforms-field-label\" for=\"wpforms-301-field_4\">Please tell us here if you have any other questions, and we&#039;ll be in touch shortly<\/label><textarea id=\"wpforms-301-field_4\" class=\"wpforms-field-medium\" name=\"wpforms[fields][4]\" ><\/textarea><\/div><\/div><div class=\"wpforms-submit-container\"><input type=\"hidden\" name=\"wpforms[id]\" value=\"301\"><input type=\"hidden\" name=\"wpforms[author]\" value=\"1\"><button type=\"submit\" name=\"wpforms[submit]\" id=\"wpforms-submit-301\" class=\"wpforms-submit\" data-alt-text=\"Sending...\" data-submit-text=\"Submit\" aria-live=\"assertive\" value=\"wpforms-submit\">Submit<\/button><img loading=\"lazy\" decoding=\"async\" src=\"https:\/\/gtbom.com\/wp-content\/plugins\/wpforms-lite\/assets\/images\/submit-spin.svg\" class=\"wpforms-submit-spinner\" style=\"display: none;\" width=\"26\" height=\"26\" alt=\"Loading\"><\/div><\/form><\/div>  <!-- .wpforms-container -->\n\n\n<figure class=\"wp-block-embed aligncenter is-type-video is-provider-youtube wp-block-embed-youtube wp-embed-aspect-16-9 wp-has-aspect-ratio\"><div class=\"wp-block-embed__wrapper\">\n<iframe loading=\"lazy\" title=\"APEX Din-rail modules training\" width=\"500\" height=\"281\" src=\"https:\/\/www.youtube.com\/embed\/OHZcIz8VpP4?feature=oembed\" frameborder=\"0\" allow=\"accelerometer; autoplay; clipboard-write; encrypted-media; gyroscope; picture-in-picture; web-share\" referrerpolicy=\"strict-origin-when-cross-origin\" allowfullscreen><\/iframe>\n<\/div><\/figure>\n\n\n\n<p><\/p>\n","protected":false},"excerpt":{"rendered":"<p>About Us Founded in 2013, smart APEX Company is a developer and manufacturer of home automation components&#8230;<\/p>\n","protected":false},"author":1,"featured_media":0,"parent":143,"menu_order":0,"comment_status":"closed","ping_status":"closed","template":"template-full-width-page.php","meta":{"om_disable_all_campaigns":false,"_mi_skip_tracking":false,"footnotes":""},"class_list":["post-278","page","type-page","status-publish","hentry"],"aioseo_notices":[],"_links":{"self":[{"href":"https:\/\/gtbom.com\/index.php\/wp-json\/wp\/v2\/pages\/278","targetHints":{"allow":["GET"]}}],"collection":[{"href":"https:\/\/gtbom.com\/index.php\/wp-json\/wp\/v2\/pages"}],"about":[{"href":"https:\/\/gtbom.com\/index.php\/wp-json\/wp\/v2\/types\/page"}],"author":[{"embeddable":true,"href":"https:\/\/gtbom.com\/index.php\/wp-json\/wp\/v2\/users\/1"}],"replies":[{"embeddable":true,"href":"https:\/\/gtbom.com\/index.php\/wp-json\/wp\/v2\/comments?post=278"}],"version-history":[{"count":23,"href":"https:\/\/gtbom.com\/index.php\/wp-json\/wp\/v2\/pages\/278\/revisions"}],"predecessor-version":[{"id":553,"href":"https:\/\/gtbom.com\/index.php\/wp-json\/wp\/v2\/pages\/278\/revisions\/553"}],"up":[{"embeddable":true,"href":"https:\/\/gtbom.com\/index.php\/wp-json\/wp\/v2\/pages\/143"}],"wp:attachment":[{"href":"https:\/\/gtbom.com\/index.php\/wp-json\/wp\/v2\/media?parent=278"}],"curies":[{"name":"wp","href":"https:\/\/api.w.org\/{rel}","templated":true}]}}